{"id":9,"date":"2023-02-19T14:49:42","date_gmt":"2023-02-19T14:49:42","guid":{"rendered":"https:\/\/consultingprima.com\/?page_id=9"},"modified":"2023-03-12T02:41:52","modified_gmt":"2023-03-12T01:41:52","slug":"ballina","status":"publish","type":"page","link":"https:\/\/consultingprima.com\/","title":{"rendered":"Ballina"},"content":{"rendered":"\n  <div class=\"banner has-hover\" id=\"banner-1839194358\">\n          <div class=\"banner-inner fill\">\n        <div class=\"banner-bg fill\" >\n            <img loading=\"lazy\" decoding=\"async\" width=\"1536\" height=\"900\" src=\"https:\/\/consultingprima.com\/wp-content\/uploads\/2023\/02\/4-1-1-1536x900.jpg\" class=\"bg attachment-1536x1536 size-1536x1536\" alt=\"\" \/>                        <div class=\"overlay\"><\/div>            \n                    <\/div>\n\t\t\n\t<div class=\"ux-shape-divider ux-shape-divider--bottom ux-shape-divider--style-curve\">\n\t\t<svg viewBox=\"0 0 1000 100\" xmlns=\"http:\/\/www.w3.org\/2000\/svg\" preserveAspectRatio=\"none\">\n\t<path class=\"ux-shape-fill\" d=\"M0 0C0 0 200 50 500 50C800 50 1000 0 1000 0V101H0V1V0Z\"\/>\n<\/svg>\n\t<\/div>\n        <div class=\"banner-layers container\">\n            <div class=\"fill banner-link\"><\/div>            \n   <div id=\"text-box-1416135489\" class=\"text-box banner-layer x50 md-x0 lg-x0 y50 md-y50 lg-y50 res-text\">\n                                <div class=\"text-box-content text dark\">\n              \n              <div class=\"text-inner text-center\">\n                  \n\t<div id=\"text-1405785953\" class=\"text\">\n\t\t\n<h2 class=\"uppercase\"><strong>PRIMA CONSULTING\u00a0<\/strong><\/h2>\n<p>\u00ebsht\u00eb themeluar nga CEO Avokat <strong>Ardian Megjani<\/strong><\/p>\n\t\t\n<style>\n#text-1405785953 {\n  text-align: center;\n}\n@media (min-width:550px) {\n  #text-1405785953 {\n    text-align: left;\n  }\n}\n<\/style>\n\t<\/div>\n\t\n              <\/div>\n           <\/div>\n                            \n<style>\n#text-box-1416135489 {\n  width: 99%;\n}\n#text-box-1416135489 .text-box-content {\n  font-size: 100%;\n}\n@media (min-width:550px) {\n  #text-box-1416135489 {\n    width: 51%;\n  }\n  #text-box-1416135489 .text-box-content {\n    font-size: 100%;\n  }\n}\n<\/style>\n    <\/div>\n \n        <\/div>\n      <\/div>\n\n            \n<style>\n#banner-1839194358 {\n  padding-top: 489px;\n}\n#banner-1839194358 .overlay {\n  background-color: rgba(33, 43, 68, 0.5);\n}\n#banner-1839194358 .banner-bg img {\n  object-position: 49% 74%;\n}\n#banner-1839194358 .ux-shape-divider--bottom svg {\n  height: 0px;\n  --divider-width: 100%;\n}\n@media (min-width:550px) {\n  #banner-1839194358 {\n    padding-top: 720px;\n  }\n  #banner-1839194358 .ux-shape-divider--bottom svg {\n    height: 90px;\n  }\n}\n<\/style>\n  <\/div>\n\n\n\n\t<section class=\"section\" id=\"section_1080640678\">\n\t\t<div class=\"section-bg fill\" >\n\t\t\t<img loading=\"lazy\" decoding=\"async\" width=\"2560\" height=\"1478\" src=\"https:\/\/consultingprima.com\/wp-content\/uploads\/2023\/02\/3-1-scaled.jpg\" class=\"bg attachment- size-\" alt=\"\" \/>\t\t\t\t\t\t<div class=\"section-bg-overlay absolute fill\"><\/div>\n\t\t\t\n\n\t\t<\/div>\n\n\t\t\t<div class=\"ux-shape-divider ux-shape-divider--top ux-shape-divider--style-waves-opacity-2\">\n\t\t<svg viewBox=\"0 0 1000 300\" xmlns=\"http:\/\/www.w3.org\/2000\/svg\" preserveAspectRatio=\"none\">\n  <path class=\"ux-shape-fill\" opacity=\"0.15\" d=\"M0 299L-2 19.9998C153 -16.0002 308 155 413 184C515.64 212.35 562 152 645 153C725 154 787 206 874 233C939.54 253.34 975 248 1000 244.61V299H0Z\"\/>\n  <path class=\"ux-shape-fill\" opacity=\"0.3\" d=\"M0 300L-2 34C155 -9.00003 300 178 403 212C504.11 245.38 562 165 645 166C725 167 790.09 220.07 874 253C939.21 278.59 978.07 269.72 1000 263.61V300H0Z\"\/>\n  <path class=\"ux-shape-fill\" d=\"M0 300L-1 69.7099C216 56.9999 299.47 198.86 403 226C506 253 577 196 660 197C740 198 790.09 234.07 874 267C935.23 291 982 282.61 1000 277.61V300H0Z\"\/>\n<\/svg>\n\t<\/div>\n\n\t<div class=\"ux-shape-divider ux-shape-divider--bottom ux-shape-divider--style-waves-opacity-3\">\n\t\t<svg viewBox=\"0 0 1000 300\" xmlns=\"http:\/\/www.w3.org\/2000\/svg\" preserveAspectRatio=\"none\">\n\t<path class=\"ux-shape-fill\" opacity=\"0.05\" d=\"M1014 264V386H206L34 300C34 300 344.42 277.16 436 221C542 156 590 160 704 209C811 255 899.11 214.94 979 346L1014 264Z\"\/>\n\t<path class=\"ux-shape-fill\" opacity=\"0.1\" d=\"M-302 55C-302 55 -66.73 263.25 50 214C178 160 283 116 353 141C445.68 174.1 534.28 256.19 588 249C692.9 235 764.52 75.94 855 131C940.61 183.09 1000 254 1000 254V328L-306 338L-302 55Z\"\/>\n\t<path class=\"ux-shape-fill\" opacity=\"0.15\" d=\"M-286 255C-286 255 -72 152 52 126C176 100 255 155 436 227C581.57 284.91 614.7 277.79 708 227C787 184 1009 3.0001 1093 164C1146 265.63 1031 293 1031 293L924 377L-288 389L-286 255Z\"\/>\n\t<path class=\"ux-shape-fill\" opacity=\"0.3\" d=\"M-24 69C-24 69 275.68 370.66 389 314C397 310 622 316 673 356C690.47 369.7 845 224 890 182C944.8 130.85 1018 92 1078 143C1154.12 207.7 1196 242 1196 242L1184 374L-28 386L-24 69Z\"\/>\n\t<path class=\"ux-shape-fill\" d=\"M-12 201C-12 201 58 284 182 258C306 232 342.29 221.23 456 264C565 305 640.82 288.36 721 249C776 222 837.5 191.31 935 253C984 284 1030 279 1030 279L1024 430L-12 440V201Z\"\/>\n<\/svg>\n\t<\/div>\n\n\t\t<div class=\"section-content relative\">\n\t\t\t\n<div class=\"row align-middle align-center\"  id=\"row-1420249159\">\n\n\t<div id=\"col-2127209266\" class=\"col medium-5 small-12 large-5\"  >\n\t\t\t\t<div class=\"col-inner text-center\"  >\n\t\t\t\n\t\t\t\n\t<div class=\"img has-hover x md-x lg-x y md-y lg-y\" id=\"image_1642030560\">\n\t\t\t\t\t\t\t\t<div class=\"img-inner dark\" >\n\t\t\t<img loading=\"lazy\" decoding=\"async\" width=\"1568\" height=\"1804\" src=\"https:\/\/consultingprima.com\/wp-content\/uploads\/2023\/02\/Fav-Icon.webp\" class=\"attachment-original size-original\" alt=\"\" srcset=\"https:\/\/consultingprima.com\/wp-content\/uploads\/2023\/02\/Fav-Icon.webp 1568w, https:\/\/consultingprima.com\/wp-content\/uploads\/2023\/02\/Fav-Icon-261x300.webp 261w, https:\/\/consultingprima.com\/wp-content\/uploads\/2023\/02\/Fav-Icon-890x1024.webp 890w, https:\/\/consultingprima.com\/wp-content\/uploads\/2023\/02\/Fav-Icon-768x884.webp 768w, https:\/\/consultingprima.com\/wp-content\/uploads\/2023\/02\/Fav-Icon-1335x1536.webp 1335w\" sizes=\"auto, (max-width: 1568px) 100vw, 1568px\" \/>\t\t\t\t\t\t\n\t\t\t\t\t<\/div>\n\t\t\t\t\t\t\t\t\n<style>\n#image_1642030560 {\n  width: 70%;\n}\n<\/style>\n\t<\/div>\n\t\n\t\t<\/div>\n\t\t\t\t\t<\/div>\n\n\t\n\n\t<div id=\"col-401976027\" class=\"col medium-7 small-12 large-7 small-col-first\"  >\n\t\t\t\t<div class=\"col-inner\"  >\n\t\t\t\n\t\t\t\n<p style=\"text-align: justify;\"><strong>Prima Consulting L.L.C<\/strong>, ofron sh\u00ebrbime juridike, me seli n\u00eb Prishtin\u00eb, Republika e Kosov\u00ebs. \u00cbsht\u00eb themeluar nga CEO &#8211; Avokat Ardian Megjani, me kualifikim Jurist i diplomuar Bachelor n\u00eb Universitetin e Prishtin\u00ebs \u2018\u2019Hasan Prishtina\u2019\u2019, si dhe i diplomuar Master n\u00eb drejtimin Kushtetues dhe Administrativ, n\u00eb Universitetin e Prishtin\u00ebs \u2018\u2019Hasan Prishtina\u2019\u2019.<\/p>\n<p style=\"text-align: justify;\">Po ashtu, i diplomuar n\u00eb Forumin Bot\u00ebror p\u00ebr Demokraci, nga K\u00ebshilli i Evrop\u00ebs, n\u00eb Strasbourg t\u00eb Franc\u00ebs, si pjes\u00eb e Shkoll\u00ebs Politike. Ka dh\u00ebn\u00eb provimin shtet\u00ebror t\u00eb Jurisprudenc\u00ebs, dhe Provimin e Etik\u00ebs Profesionale t\u00eb Avokat\u00ebve, ku \u00ebsht\u00eb licencuar si Avokat, pran\u00eb Od\u00ebs s\u00eb Avokat\u00ebve t\u00eb Kosov\u00ebs.<\/p>\n<p style=\"text-align: justify;\">P\u00ebrgjat\u00eb karrier\u00ebs profesionale p\u00ebr nj\u00eb dekad\u00eb, ka qen\u00eb i pun\u00ebsuar dhe angazhuar n\u00eb: Ministrin\u00eb e Sh\u00ebndet\u00ebsis\u00eb, Od\u00ebn e Avokat\u00ebve t\u00eb Kosov\u00ebs, Ministrin\u00eb e Zhvillimit Rajonal, Ministrin\u00eb e Pun\u00ebve t\u00eb Jashtme, si dhe n\u00eb Ministrin\u00eb e Financave, Pun\u00ebs dhe Transfereve.<\/p>\n<p style=\"text-align: justify;\">N\u00eb ve\u00e7anti si Inspektor i Pun\u00ebs, p\u00ebrgjat\u00eb kat\u00ebr viteve ka realizuar mbi nj\u00ebmij\u00eb: inspektime, trajtime t\u00eb ankesave t\u00eb t\u00eb pun\u00ebsuar\u00ebve, raporte zyrtare, si dhe vendime, duke mbikqyrur zbatimin e legjislacionit nga marr\u00ebdh\u00ebnia e pun\u00ebs, dhe siguris\u00eb dhe sh\u00ebndetit n\u00eb pun\u00eb.<\/p>\n\t\t<\/div>\n\t\t\t\t\n<style>\n#col-401976027 > .col-inner {\n  padding: 0px 1% 0px 1%;\n}\n@media (min-width:550px) {\n  #col-401976027 > .col-inner {\n    padding: 0px 2% 0px 2%;\n  }\n}\n<\/style>\n\t<\/div>\n\n\t\n<\/div>\n\t\t<\/div>\n\n\t\t\n<style>\n#section_1080640678 {\n  padding-top: 26px;\n  padding-bottom: 26px;\n}\n#section_1080640678 .section-bg-overlay {\n  background-color: rgba(255, 255, 255, 0.948);\n}\n#section_1080640678 .section-bg img {\n  object-position: 0% 100%;\n}\n#section_1080640678 .ux-shape-divider--top svg {\n  height: 150px;\n  --divider-top-width: 100%;\n}\n#section_1080640678 .ux-shape-divider--bottom svg {\n  height: 150px;\n  --divider-width: 100%;\n}\n@media (min-width:550px) {\n  #section_1080640678 {\n    padding-top: 100px;\n    padding-bottom: 100px;\n  }\n}\n<\/style>\n\t<\/section>\n\t\n\n\t<section class=\"section\" id=\"section_2050318107\">\n\t\t<div class=\"section-bg fill\" >\n\t\t\t\t\t\t\t\t\t\n\t\t\t\n\n\t\t<\/div>\n\n\t\t\n\n\t\t<div class=\"section-content relative\">\n\t\t\t\n<div class=\"row\"  id=\"row-777257738\">\n\n\t<div id=\"col-251010890\" class=\"col small-12 large-12\"  >\n\t\t\t\t<div class=\"col-inner\"  >\n\t\t\t\n\t\t\t\n\t<div id=\"text-1274178628\" class=\"text\">\n\t\t\n<h1 class=\"uppercase\">SH\u0401RBIMET<\/h1>\n<p><strong>Prima Consulting L.L.C<\/strong>, ofron Sh\u00ebrbime Juridike q\u00eb mund\u00ebsojn\u00eb veprime ligjore n\u00eb mbrojtjen e t\u00eb drejtave juridike:<\/p>\n\t\t\n<style>\n#text-1274178628 {\n  text-align: left;\n}\n@media (min-width:550px) {\n  #text-1274178628 {\n    text-align: center;\n  }\n}\n<\/style>\n\t<\/div>\n\t\n\t\t<\/div>\n\t\t\t\t\t<\/div>\n\n\t\n<\/div>\n<div class=\"row\" style=\"max-width:1200px\" id=\"row-1686514568\">\n\n\t<div id=\"col-674459326\" class=\"col medium-4 small-12 large-4\"  >\n\t\t\t\t<div class=\"col-inner\"  >\n\t\t\t\n\t\t\t\n<ul>\n<li class=\"bullet-checkmark\"><span style=\"font-size: 90%;\">Konsulenc\u00eb Marr\u00ebdh\u00ebnia e Pun\u00ebs<\/span><\/li>\n<li class=\"bullet-checkmark\"><span style=\"font-size: 90%;\">Konsulenc\u00eb Civile<\/span><\/li>\n<li class=\"bullet-checkmark\"><span style=\"font-size: 90%;\">Konsulenc\u00eb Penale<\/span><\/li>\n<li class=\"bullet-checkmark\"><span style=\"font-size: 90%;\">Kosulenc\u00eb Komerciale<\/span><\/li>\n<li class=\"bullet-checkmark\"><span style=\"font-size: 90%;\">Konsulenc\u00eb Administrative<\/span><\/li>\n<\/ul>\n\t\t<\/div>\n\t\t\t\t\t<\/div>\n\n\t\n\n\t<div id=\"col-2067535454\" class=\"col medium-4 small-12 large-4\"  >\n\t\t\t\t<div class=\"col-inner\"  >\n\t\t\t\n\t\t\t\n<ul>\n<li class=\"bullet-checkmark\"><span style=\"font-size: 90%;\">Konsulenc\u00eb P\u00ebrmbarimore<\/span><\/li>\n<li class=\"bullet-checkmark\"><span style=\"font-size: 90%;\">Konsulenc\u00eb Siguria dhe Sh\u00ebndeti n\u00eb Pun\u00eb<\/span><\/li>\n<li class=\"bullet-checkmark\"><span style=\"font-size: 90%;\">Ankesa dhe K\u00ebrkesa<\/span><\/li>\n<li class=\"bullet-checkmark\"><span style=\"font-size: 90%;\">Padi dhe Kund\u00ebr Padi<\/span><\/li>\n<li class=\"bullet-checkmark\"><span style=\"font-size: 90%;\">Kontrata<\/span><\/li>\n<\/ul>\n\t\t<\/div>\n\t\t\t\t\t<\/div>\n\n\t\n\n\t<div id=\"col-1270390072\" class=\"col medium-4 small-12 large-4\"  >\n\t\t\t\t<div class=\"col-inner\"  >\n\t\t\t\n\t\t\t\n<ul>\n<li class=\"bullet-checkmark\"><span style=\"font-size: 90%;\">Rregullore<\/span><\/li>\n<li class=\"bullet-checkmark\"><span style=\"font-size: 90%;\">Marr\u00ebveshje<\/span><\/li>\n<li class=\"bullet-checkmark\"><span style=\"font-size: 90%;\">Kall\u00ebzim Penal<\/span><\/li>\n<li class=\"bullet-checkmark\"><span style=\"font-size: 90%;\">P\u00ebrfaq\u00ebsim<\/span><\/li>\n<li class=\"bullet-checkmark\"><span style=\"font-size: 90%;\">Ankimime ndaj Aktvendimeve dhe Aktgjykimeve<\/span><\/li>\n<\/ul>\n\t\t<\/div>\n\t\t\t\t\t<\/div>\n\n\t\n<\/div>\n\t\t<\/div>\n\n\t\t\n<style>\n#section_2050318107 {\n  padding-top: 100px;\n  padding-bottom: 100px;\n}\n<\/style>\n\t<\/section>\n\t\n","protected":false},"excerpt":{"rendered":"","protected":false},"author":1,"featured_media":0,"parent":0,"menu_order":0,"comment_status":"closed","ping_status":"closed","template":"page-transparent-header-light.php","meta":{"footnotes":""},"class_list":["post-9","page","type-page","status-publish","hentry"],"_links":{"self":[{"href":"https:\/\/consultingprima.com\/index.php?rest_route=\/wp\/v2\/pages\/9","targetHints":{"allow":["GET"]}}],"collection":[{"href":"https:\/\/consultingprima.com\/index.php?rest_route=\/wp\/v2\/pages"}],"about":[{"href":"https:\/\/consultingprima.com\/index.php?rest_route=\/wp\/v2\/types\/page"}],"author":[{"embeddable":true,"href":"https:\/\/consultingprima.com\/index.php?rest_route=\/wp\/v2\/users\/1"}],"replies":[{"embeddable":true,"href":"https:\/\/consultingprima.com\/index.php?rest_route=%2Fwp%2Fv2%2Fcomments&post=9"}],"version-history":[{"count":5,"href":"https:\/\/consultingprima.com\/index.php?rest_route=\/wp\/v2\/pages\/9\/revisions"}],"predecessor-version":[{"id":1126,"href":"https:\/\/consultingprima.com\/index.php?rest_route=\/wp\/v2\/pages\/9\/revisions\/1126"}],"wp:attachment":[{"href":"https:\/\/consultingprima.com\/index.php?rest_route=%2Fwp%2Fv2%2Fmedia&parent=9"}],"curies":[{"name":"wp","href":"https:\/\/api.w.org\/{rel}","templated":true}]}}