{"id":53,"date":"2023-02-23T20:50:52","date_gmt":"2023-02-23T20:50:52","guid":{"rendered":"https:\/\/consultingprima.com\/?page_id=53"},"modified":"2023-03-11T13:27:57","modified_gmt":"2023-03-11T12:27:57","slug":"sherbimet-juridike","status":"publish","type":"page","link":"https:\/\/consultingprima.com\/?page_id=53","title":{"rendered":"Sh\u00ebrbimet Juridike"},"content":{"rendered":"\n  <div class=\"banner has-hover\" id=\"banner-1159263275\">\n          <div class=\"banner-inner fill\">\n        <div class=\"banner-bg fill\" >\n            <img loading=\"lazy\" decoding=\"async\" width=\"1536\" height=\"887\" src=\"https:\/\/consultingprima.com\/wp-content\/uploads\/2023\/02\/3-1-1536x887.jpg\" class=\"bg attachment-1536x1536 size-1536x1536\" alt=\"\" \/>                        <div class=\"overlay\"><\/div>            \n                    <\/div>\n\t\t\n\t<div class=\"ux-shape-divider ux-shape-divider--bottom ux-shape-divider--style-curve\">\n\t\t<svg viewBox=\"0 0 1000 100\" xmlns=\"http:\/\/www.w3.org\/2000\/svg\" preserveAspectRatio=\"none\">\n\t<path class=\"ux-shape-fill\" d=\"M0 0C0 0 200 50 500 50C800 50 1000 0 1000 0V101H0V1V0Z\"\/>\n<\/svg>\n\t<\/div>\n        <div class=\"banner-layers container\">\n            <div class=\"fill banner-link\"><\/div>            \n   <div id=\"text-box-235941517\" class=\"text-box banner-layer x50 md-x0 lg-x0 y50 md-y50 lg-y50 res-text\">\n                                <div class=\"text-box-content text dark\">\n              \n              <div class=\"text-inner text-center\">\n                  \n\t<div id=\"text-1092788427\" class=\"text\">\n\t\t\n<h2 class=\"uppercase\"><strong>Sh\u00ebrbime Juridike<\/strong><\/h2>\n<p>p\u00ebr t\u00eb mund\u00ebsuar veprime ligjore, n\u00eb mbrojtjen e t\u00eb drejtave juridike.<\/p>\n\t\t\n<style>\n#text-1092788427 {\n  text-align: center;\n}\n@media (min-width:550px) {\n  #text-1092788427 {\n    text-align: left;\n  }\n}\n<\/style>\n\t<\/div>\n\t\n              <\/div>\n           <\/div>\n                            \n<style>\n#text-box-235941517 {\n  width: 99%;\n}\n#text-box-235941517 .text-box-content {\n  font-size: 100%;\n}\n@media (min-width:550px) {\n  #text-box-235941517 {\n    width: 50%;\n  }\n}\n<\/style>\n    <\/div>\n \n        <\/div>\n      <\/div>\n\n            \n<style>\n#banner-1159263275 {\n  padding-top: 489px;\n}\n#banner-1159263275 .overlay {\n  background-color: rgba(33, 43, 68, 0.5);\n}\n#banner-1159263275 .banner-bg img {\n  object-position: 54% 54%;\n}\n#banner-1159263275 .ux-shape-divider--bottom svg {\n  height: 0px;\n  --divider-width: 100%;\n}\n@media (min-width:550px) {\n  #banner-1159263275 {\n    padding-top: 720px;\n  }\n  #banner-1159263275 .ux-shape-divider--bottom svg {\n    height: 90px;\n  }\n}\n<\/style>\n  <\/div>\n\n\n\n\t<section class=\"section\" id=\"section_1672135085\">\n\t\t<div class=\"section-bg fill\" >\n\t\t\t\t\t\t\t\t\t\n\t\t\t\n\n\t\t<\/div>\n\n\t\t\n\n\t\t<div class=\"section-content relative\">\n\t\t\t\n<div class=\"row\"  id=\"row-245322806\">\n\n\t<div id=\"col-43171314\" class=\"col small-12 large-12\"  >\n\t\t\t\t<div class=\"col-inner\"  >\n\t\t\t\n\t\t\t\n\t<div id=\"text-3951880554\" class=\"text\">\n\t\t\n<h2 class=\"uppercase\"><strong>Sh\u00ebrbime Juridike <\/strong><\/h2>\n<p>p\u00ebr t\u00eb mund\u00ebsuar veprime ligjore, n\u00eb mbrojtjen e t\u00eb drejtave juridike t\u00eb klient\u00ebve, duke ofruar:<\/p>\n\t\t\n<style>\n#text-3951880554 {\n  text-align: left;\n}\n@media (min-width:550px) {\n  #text-3951880554 {\n    text-align: center;\n  }\n}\n<\/style>\n\t<\/div>\n\t\n<div class=\"text-center\"><div class=\"is-divider divider clearfix\" style=\"max-width:1920px;height:1px;\"><\/div><\/div>\n\t\t<\/div>\n\t\t\t\t\t<\/div>\n\n\t\n<\/div>\n<div class=\"row\"  id=\"row-1508507166\">\n\n\t<div id=\"col-50239414\" class=\"col medium-4 small-12 large-4\"  >\n\t\t\t\t<div class=\"col-inner\"  >\n\t\t\t\n\t\t\t\n<ul>\n<li class=\"bullet-checkmark\">Ankes\u00eb dhe K\u00ebrkes\u00eb;<\/li>\n<li class=\"bullet-checkmark\">Ankes\u00eb pran\u00eb Inspektoratit t\u00eb Pun\u00ebs;<\/li>\n<li class=\"bullet-checkmark\">Ankes\u00eb pran\u00eb KPMSHC \u2013 s\u00eb;<\/li>\n<li class=\"bullet-checkmark\">Ankes\u00eb pran\u00eb Avokatit t\u00eb Popullit;<\/li>\n<li class=\"bullet-checkmark\">K\u00ebrkes\u00eb pran\u00eb Gjykat\u00ebs Kushtetuese;<\/li>\n<li class=\"bullet-checkmark\">K\u00ebrkes\u00eb p\u00ebr caktimin e Mas\u00ebs s\u00eb Sigurimit;<\/li>\n<li class=\"bullet-checkmark\">K\u00ebrkes\u00eb p\u00ebr kompensim t\u00eb d\u00ebmit material dhe jo material;<\/li>\n<li class=\"bullet-checkmark\">K\u00ebrkes\u00eb p\u00ebr Adoptim;<\/li>\n<li class=\"bullet-checkmark\">K\u00ebrkes\u00eb p\u00ebr fitim dhe heqje dor\u00eb nga Shtet\u00ebsia;<\/li>\n<li class=\"bullet-checkmark\">K\u00ebrkes\u00eb p\u00ebr hudhje t\u00eb Aktakuz\u00ebs;<\/li>\n<li class=\"bullet-checkmark\">K\u00ebrkes\u00eb p\u00ebr Mas\u00ebn e P\u00ebrkohshme;<\/li>\n<li class=\"bullet-checkmark\">K\u00ebrkes\u00eb p\u00ebr Lirim me Kusht;<\/li>\n<li class=\"bullet-checkmark\">K\u00ebrkes\u00eb p\u00ebr nd\u00ebrprerjen e Paraburgimit;<\/li>\n<li class=\"bullet-checkmark\">K\u00ebrkes\u00eb p\u00ebr negociim t\u00eb faj\u00ebsis\u00eb;<\/li>\n<li class=\"bullet-checkmark\">K\u00ebrkes\u00eb p\u00ebr pezullimin e p\u00ebrkohsh\u00ebm t\u00eb d\u00ebnimit;<\/li>\n<li class=\"bullet-checkmark\">K\u00ebrkes\u00eb p\u00ebr Urdh\u00ebr Mbrojtje;<\/li>\n<li class=\"bullet-checkmark\">K\u00ebrkes\u00eb p\u00ebr Zbutje t\u00eb D\u00ebnimit;<\/li>\n<li class=\"bullet-checkmark\">Padi dhe Kund\u00ebr Padi;<\/li>\n<li class=\"bullet-checkmark\">Padi D\u00ebmshp\u00ebrblimi nga Aksidentet;<\/li>\n<\/ul>\n\t\t<\/div>\n\t\t\t\t\t<\/div>\n\n\t\n\n\t<div id=\"col-1767887521\" class=\"col medium-4 small-12 large-4\"  >\n\t\t\t\t<div class=\"col-inner\"  >\n\t\t\t\n\t\t\t\n<ul>\n<li class=\"bullet-checkmark\">Padi D\u00ebmshp\u00ebrblimi nga mjekimi i pakujdessh\u00ebm;<\/li>\n<li class=\"bullet-checkmark\">Padi p\u00ebr \u00e7\u00ebshtje Pron\u00ebsie;<\/li>\n<li class=\"bullet-checkmark\">Padi p\u00ebr Arbitrazh;<\/li>\n<li class=\"bullet-checkmark\">Padi p\u00ebr kompensim D\u00ebmi;<\/li>\n<li class=\"bullet-checkmark\">Padi p\u00ebr Lehoni;<\/li>\n<li class=\"bullet-checkmark\">Padi p\u00ebr Marr\u00ebdh\u00ebnie Pune;<\/li>\n<li class=\"bullet-checkmark\">Padi p\u00ebr L\u00ebndim n\u00eb Pun\u00eb;<\/li>\n<li class=\"bullet-checkmark\">Padi p\u00ebr pag\u00eb Jubilare dhe Shujta;<\/li>\n<li class=\"bullet-checkmark\">Padi p\u00ebr Konkurs Publik;<\/li>\n<li class=\"bullet-checkmark\">Padi p\u00ebr mbrojtjen e Privat\u00ebsis\u00eb;<\/li>\n<li class=\"bullet-checkmark\">Padi p\u00ebr mbrojtjen nga Diskriminimi;<\/li>\n<li class=\"bullet-checkmark\">Padi p\u00ebr mbrojtjen e Konsumatorit;<\/li>\n<li class=\"bullet-checkmark\">Padi p\u00ebr Servitut;<\/li>\n<li class=\"bullet-checkmark\">Padi p\u00ebr Shkuror\u00ebzim;<\/li>\n<li class=\"bullet-checkmark\">Padi p\u00ebr Mbajtje (Alimentacion);<\/li>\n<li class=\"bullet-checkmark\">Padi p\u00ebr Pjestimin e Pasuris\u00eb s\u00eb P\u00ebrbashk\u00ebt;<\/li>\n<li class=\"bullet-checkmark\">Padi p\u00ebr Trash\u00ebgimi;<\/li>\n<li class=\"bullet-checkmark\">Padi p\u00ebr shk\u00ebputjen e kontrat\u00ebs s\u00eb Dhurat\u00ebs;<\/li>\n<li class=\"bullet-checkmark\">Padi p\u00ebr Shpifje dhe Fyerje;<\/li>\n<\/ul>\n\t\t<\/div>\n\t\t\t\t\t<\/div>\n\n\t\n\n\t<div id=\"col-85187169\" class=\"col medium-4 small-12 large-4\"  >\n\t\t\t\t<div class=\"col-inner\"  >\n\t\t\t\n\t\t\t\n<ul>\n<li class=\"bullet-checkmark\">Padi p\u00ebr t\u00eb Drejtat e Autorit;<\/li>\n<li class=\"bullet-checkmark\">Padi p\u00ebr Pengim Posedim;<\/li>\n<li class=\"bullet-checkmark\">Konsulenc\u00eb Marr\u00ebdh\u00ebnie Pune;<\/li>\n<li class=\"bullet-checkmark\">Konsulenc\u00eb Civile;<\/li>\n<li class=\"bullet-checkmark\">Konsulenc\u00eb Penale;<\/li>\n<li class=\"bullet-checkmark\">Konsulenc\u00eb Komerciale;<\/li>\n<li class=\"bullet-checkmark\">Konsulenc\u00eb Administrative;<\/li>\n<li class=\"bullet-checkmark\">Konsulenc\u00eb P\u00ebrmbarimore;<\/li>\n<li class=\"bullet-checkmark\">Konsulenc\u00eb Siguria dhe Sh\u00ebndeti n\u00eb Pun\u00eb;<\/li>\n<li class=\"bullet-checkmark\">P\u00ebrfaq\u00ebsim;<\/li>\n<li class=\"bullet-checkmark\">Kall\u00ebzim Penal;<\/li>\n<li class=\"bullet-checkmark\">Sh\u00ebrbime Juridike p\u00ebr Pun\u00ebdh\u00ebn\u00ebs;<\/li>\n<li class=\"bullet-checkmark\">Sh\u00ebrbime Juridike p\u00ebr Pun\u00ebmarr\u00ebs;<\/li>\n<li class=\"bullet-checkmark\">Kontrata;<\/li>\n<li class=\"bullet-checkmark\">Rregullore;<\/li>\n<li class=\"bullet-checkmark\">Aktvendime;<\/li>\n<li class=\"bullet-checkmark\">Marr\u00ebveshje;<\/li>\n<li class=\"bullet-checkmark\">Opinone Ligjore;<\/li>\n<li class=\"bullet-checkmark\">Ankimime ndaj Aktvendimeve dhe Aktgjykimeve.<\/li>\n<\/ul>\n\t\t<\/div>\n\t\t\t\t\t<\/div>\n\n\t\n<\/div>\n\t\t<\/div>\n\n\t\t\n<style>\n#section_1672135085 {\n  padding-top: 30px;\n  padding-bottom: 30px;\n}\n<\/style>\n\t<\/section>\n\t\n","protected":false},"excerpt":{"rendered":"","protected":false},"author":1,"featured_media":15,"parent":0,"menu_order":0,"comment_status":"closed","ping_status":"closed","template":"page-transparent-header.php","meta":{"footnotes":""},"class_list":["post-53","page","type-page","status-publish","has-post-thumbnail","hentry"],"_links":{"self":[{"href":"https:\/\/consultingprima.com\/index.php?rest_route=\/wp\/v2\/pages\/53","targetHints":{"allow":["GET"]}}],"collection":[{"href":"https:\/\/consultingprima.com\/index.php?rest_route=\/wp\/v2\/pages"}],"about":[{"href":"https:\/\/consultingprima.com\/index.php?rest_route=\/wp\/v2\/types\/page"}],"author":[{"embeddable":true,"href":"https:\/\/consultingprima.com\/index.php?rest_route=\/wp\/v2\/users\/1"}],"replies":[{"embeddable":true,"href":"https:\/\/consultingprima.com\/index.php?rest_route=%2Fwp%2Fv2%2Fcomments&post=53"}],"version-history":[{"count":5,"href":"https:\/\/consultingprima.com\/index.php?rest_route=\/wp\/v2\/pages\/53\/revisions"}],"predecessor-version":[{"id":1007,"href":"https:\/\/consultingprima.com\/index.php?rest_route=\/wp\/v2\/pages\/53\/revisions\/1007"}],"wp:featuredmedia":[{"embeddable":true,"href":"https:\/\/consultingprima.com\/index.php?rest_route=\/wp\/v2\/media\/15"}],"wp:attachment":[{"href":"https:\/\/consultingprima.com\/index.php?rest_route=%2Fwp%2Fv2%2Fmedia&parent=53"}],"curies":[{"name":"wp","href":"https:\/\/api.w.org\/{rel}","templated":true}]}}